{"id":891,"date":"2025-06-06T01:15:57","date_gmt":"2025-06-06T01:15:57","guid":{"rendered":"https:\/\/abastecedoradecolchonesalvarez.com.co\/?page_id=891"},"modified":"2025-06-06T01:23:18","modified_gmt":"2025-06-06T01:23:18","slug":"aviso-de-privacidad","status":"publish","type":"page","link":"https:\/\/abastecedoradecolchonesalvarez.com.co\/?page_id=891","title":{"rendered":"AVISO DE PRIVACIDAD"},"content":{"rendered":"\n<pre class=\"wp-block-preformatted\"><br><strong>AVISO DE PRIVACIDAD<br><\/strong><br>COLCHONES ALVAREZ, Comercialmente conocido como ABASTECEDORA DE COLCHONES ALVAREZ, con domicilio en Carrera 70 # 73a Bogot\u00e1, es el responsable del uso y protecci\u00f3n de sus datos personales.<br><br><strong>FINALIDADES PRIMARIAS<br><\/strong>Los datos personales que recabamos de usted, los utilizaremos para las siguientes finalidades que son necesarias para el servicio que solicita:<br><br>\u2022 Respuesta a mensajes del formulario de contacto<br>\u2022 Prestaci\u00f3n de cualquier servicio solicitado<br>\u2022 Env\u00edo de productos adquiridos en esta tienda en l\u00ednea<br><br><strong>DATOS PERSONALES RECABADOS<br><\/strong>Para las finalidades se\u00f1aladas en el presente aviso de privacidad, podemos recabar sus datos de identificaci\u00f3n y contacto.<br><br><strong>DERECHOS ARCO<br><\/strong>Usted tiene derecho a conocer qu\u00e9 datos personales tenemos de usted, para qu\u00e9 los utilizamos y las condiciones del uso que les damos (Acceso). Asimismo, es su derecho solicitar la correcci\u00f3n de su informaci\u00f3n personal en caso de que est\u00e9 desactualizada, sea inexacta o incompleta (Rectificaci\u00f3n); que la eliminemos de nuestros registros o bases de datos cuando considere que la misma no est\u00e1 siendo utilizada adecuadamente (Cancelaci\u00f3n); as\u00ed como oponerse al uso de sus datos personales para fines espec\u00edficos (Oposici\u00f3n). Estos derechos se conocen como derechos ARCO.<br><br>Para el ejercicio de cualquiera de los derechos ARCO, usted deber\u00e1 presentar la solicitud respectiva a trav\u00e9s de Email. La respuesta a su solicitud ser\u00e1 atendida en un plazo m\u00e1ximo de 5 d\u00edas h\u00e1biles.<br><br><strong>DATOS RECABADOS POR EL SITIO WEB<br><\/strong>Nuestro sitio web recaba autom\u00e1ticamente los siguientes datos:<br><br>\u2022 Regi\u00f3n en la que se encuentra el usuario<br>\u2022 P\u00e1ginas web visitadas por un usuario<br>\u2022 B\u00fasquedas realizadas por un usuario<br><br>CONTACTO<br>Para m\u00e1s informaci\u00f3n sobre este aviso de privacidad, puede contactarnos en:<br><br>Correo electr\u00f3nico: abastecedoradecolchonesalvarez@gmail.com<br>Sitio web: https:\/\/abastecedoradecolchonesalvarez.com.co\/<br><br>\u00daltima actualizaci\u00f3n: 5\/6\/2025<\/pre>\n\n\n\n<p><\/p>\n","protected":false},"excerpt":{"rendered":"<p>AVISO DE PRIVACIDADCOLCHONES ALVAREZ, Comercialmente conocido como ABASTECEDORA DE COLCHONES ALVAREZ, con domicilio en Carrera 70 # 73a Bogot\u00e1, es el responsable del uso y protecci\u00f3n de sus datos personales.FINALIDADES PRIMARIASLos datos personales que recabamos de usted, los utilizaremos para las siguientes finalidades que son necesarias para el servicio que solicita:\u2022 Respuesta a mensajes del [&hellip;]<\/p>\n","protected":false},"author":1,"featured_media":0,"parent":0,"menu_order":0,"comment_status":"closed","ping_status":"closed","template":"","meta":{"footnotes":""},"class_list":["post-891","page","type-page","status-publish","hentry"],"blocksy_meta":[],"_links":{"self":[{"href":"https:\/\/abastecedoradecolchonesalvarez.com.co\/index.php?rest_route=\/wp\/v2\/pages\/891","targetHints":{"allow":["GET"]}}],"collection":[{"href":"https:\/\/abastecedoradecolchonesalvarez.com.co\/index.php?rest_route=\/wp\/v2\/pages"}],"about":[{"href":"https:\/\/abastecedoradecolchonesalvarez.com.co\/index.php?rest_route=\/wp\/v2\/types\/page"}],"author":[{"embeddable":true,"href":"https:\/\/abastecedoradecolchonesalvarez.com.co\/index.php?rest_route=\/wp\/v2\/users\/1"}],"replies":[{"embeddable":true,"href":"https:\/\/abastecedoradecolchonesalvarez.com.co\/index.php?rest_route=%2Fwp%2Fv2%2Fcomments&post=891"}],"version-history":[{"count":2,"href":"https:\/\/abastecedoradecolchonesalvarez.com.co\/index.php?rest_route=\/wp\/v2\/pages\/891\/revisions"}],"predecessor-version":[{"id":894,"href":"https:\/\/abastecedoradecolchonesalvarez.com.co\/index.php?rest_route=\/wp\/v2\/pages\/891\/revisions\/894"}],"wp:attachment":[{"href":"https:\/\/abastecedoradecolchonesalvarez.com.co\/index.php?rest_route=%2Fwp%2Fv2%2Fmedia&parent=891"}],"curies":[{"name":"wp","href":"https:\/\/api.w.org\/{rel}","templated":true}]}}